{"id":121,"date":"2024-10-14T08:19:12","date_gmt":"2024-10-14T08:19:12","guid":{"rendered":"https:\/\/nudebeachvoyeur.com\/?page_id=121"},"modified":"2024-10-14T08:19:13","modified_gmt":"2024-10-14T08:19:13","slug":"faq","status":"publish","type":"page","link":"https:\/\/nudebeachvoyeur.com\/index.php\/faq\/","title":{"rendered":"FAQ"},"content":{"rendered":"\n<h2 class=\"wp-block-heading has-black-color has-pale-cyan-blue-background-color has-text-color has-background has-link-color wp-elements-cc7ed5fbfa7aa3648b715ef9f8635651\">Regeln, Informationen und h\u00e4ufig gestellte Fragen:<\/h2>\n\n\n\n<p class=\"has-black-color has-pale-cyan-blue-background-color has-text-color has-background has-link-color wp-elements-49ae2e380e8e3a9239bf15e6d2513f8f\">Welche Geb\u00fchren fallen bei der Nutzung dieser Seite an?<br><br>Die Benutzung dieser Seite ist f\u00fcr G\u00e4ste kostenlos, jedoch k\u00f6nnen diese nur die sehr verkleinerten Tumbnails<br>betrachten, keine Kommentare schreiben und auch keine eigenen Bilder hochladen und verwalten.<br><br>Registrierte Nutzer k\u00f6nnen s\u00e4mtliche Bilder und Videos in voller Aufl\u00f6sung genie\u00dfen, Kommentare<br>zu Bildern abgeben und auch eigene Bilder hochladen und im eigenen Album verwalten. Die Angabe von Emailadressen oder<br>Mobilfunknummern zur gegenseitigen Kontaktaufnahme, (wenn man dies denn m\u00f6chte), ist grunds\u00e4tzlich gestattet, jedoch keine Webadressen mit erkennbarer Absicht zur Fremdwerbung. Hochgeladen werden k\u00f6nnen alle g\u00e4ngigen Bildformate wie: BMP,JPG,JPEG oder GIF, nicht jedoch exotische Formate wie WEBM. Videos mit den Formaten: asf\/asx\/mpg\/mpeg\/wmv\/swf\/avi\/mov\/m4v\/mp4\/flv\/webm.<br><br>Die Nutzung unserer Plattform ist f\u00fcr alle Mitglieder kostenlos. \u00dcber eine kleine Spende f\u00fcr die Arbeit und den reibungslosen Serverbetrieb w\u00fcrden wir uns aber sehr freuen. Ein Paypal Link folgt im Registrierungsprozess.<br><br><br>Datenschutz:<br>Es werden keine Daten erfasst, gespeichert oder weitergegeben!<br><br><br><br>Kommentare:<br><br>Die Kommentare auf dieser Seite sind nach Freischaltung durch den Admin sichtbar.<br>Kommentare die Spam, Beleidigungen, zu ausdrucksstark oder ordin\u00e4r,<br>und in gro\u00dfer Zahl per Copy und Past Funktion eingef\u00fcgt wurden, werden gel\u00f6scht.<br><br><br><br><br>Mitglieder Profile:<br><br>Profile die zu Spam oder dem Missbrauch der Seite angelegt wurden,<br>(Fremdwerbung), werden gel\u00f6scht.<br><br><br><br><br>Copyright und Urheberrecht:<br><br>Weder beim Betreiber, Server noch Domain Standort existieren ein Copyright oder Urheberrecht.<br>solltet ihr dennoch Bilder oder Videos finden, auf denen ihr zu erkennen seid oder die ihr als euer Eigentum betrachtet,<br>sind wir gerne bereit diese zu l\u00f6schen.<br><br><br><br><br>Bilder hochladen:<br><br>Bilder erscheinen erst nach Freischaltung durch den Admin in eurem Bilder Album.<br>Bilder die folgende Kriterien nicht erf\u00fcllen, werden nicht ver\u00f6ffentlicht:<br><br>&#8211; schlechte Bild und Video Qualit\u00e4t<br><br>&#8211; Bilder und Videos mit Wasserzeichen<br><br>&#8211; bereits massenhaft im Internet zu sehen sind (Fremdbilder)<br><br>&#8211; augenscheinliche Personen unter achtzehn Jahren darstellen<br><br>&#8211; unz\u00e4hlige Serienaufnahmen ein und deselben Motives..<br><br><br><br><br>Bilder l\u00f6schen:<br><br>Registrierte Benutzer k\u00f6nnen Ihren Account und die Bilder selbst l\u00f6schen.<br>Bilder von Copyright Verst\u00f6ssen werden von uns umgehend manuell gel\u00f6scht.<br>Sendet uns dazu per eMail den exakten Link, den Ihr unterhalb des Fotos findet,<br>nachdem Ihr den Info Button, oberhalb des Fotos dr\u00fcckt.<br><br><br><br>Kontakt eMail Adresse:<br><br>info@nudebeachvoyeur.com<\/p>\n","protected":false},"excerpt":{"rendered":"<p>Regeln, Informationen und h\u00e4ufig gestellte Fragen: Welche Geb\u00fchren fallen bei der Nutzung dieser Seite an? Die Benutzung dieser Seite ist f\u00fcr G\u00e4ste kostenlos, jedoch k\u00f6nnen diese nur die sehr verkleinerten Tumbnailsbetrachten, keine Kommentare schreiben und auch keine eigenen Bilder hochladen und verwalten. Registrierte Nutzer k\u00f6nnen s\u00e4mtliche Bilder und Videos in voller Aufl\u00f6sung genie\u00dfen, Kommentarezu Bildern&hellip; <br \/> <a class=\"read-more\" href=\"https:\/\/nudebeachvoyeur.com\/index.php\/faq\/\">Weiterlesen<\/a><\/p>\n","protected":false},"author":1,"featured_media":0,"parent":0,"menu_order":0,"comment_status":"closed","ping_status":"closed","template":"","meta":{"footnotes":""},"class_list":["post-121","page","type-page","status-publish","hentry"],"_links":{"self":[{"href":"https:\/\/nudebeachvoyeur.com\/index.php\/wp-json\/wp\/v2\/pages\/121","targetHints":{"allow":["GET"]}}],"collection":[{"href":"https:\/\/nudebeachvoyeur.com\/index.php\/wp-json\/wp\/v2\/pages"}],"about":[{"href":"https:\/\/nudebeachvoyeur.com\/index.php\/wp-json\/wp\/v2\/types\/page"}],"author":[{"embeddable":true,"href":"https:\/\/nudebeachvoyeur.com\/index.php\/wp-json\/wp\/v2\/users\/1"}],"replies":[{"embeddable":true,"href":"https:\/\/nudebeachvoyeur.com\/index.php\/wp-json\/wp\/v2\/comments?post=121"}],"version-history":[{"count":1,"href":"https:\/\/nudebeachvoyeur.com\/index.php\/wp-json\/wp\/v2\/pages\/121\/revisions"}],"predecessor-version":[{"id":122,"href":"https:\/\/nudebeachvoyeur.com\/index.php\/wp-json\/wp\/v2\/pages\/121\/revisions\/122"}],"wp:attachment":[{"href":"https:\/\/nudebeachvoyeur.com\/index.php\/wp-json\/wp\/v2\/media?parent=121"}],"curies":[{"name":"wp","href":"https:\/\/api.w.org\/{rel}","templated":true}]}}