{"id":279,"date":"2025-12-31T15:06:17","date_gmt":"2025-12-31T15:06:17","guid":{"rendered":"https:\/\/nudebeachvoyeur.com\/?page_id=279"},"modified":"2025-12-31T16:36:29","modified_gmt":"2025-12-31T16:36:29","slug":"paypal","status":"publish","type":"page","link":"https:\/\/nudebeachvoyeur.com\/index.php\/paypal\/","title":{"rendered":"Sehr private User Videos"},"content":{"rendered":"\n<div class=\"wp-block-group alignfull has-text-color has-background\" style=\"color:#000000;background-color:#ffffff\"><div class=\"wp-block-group__inner-container is-layout-flow wp-block-group-is-layout-flow\">\n<h6 class=\"wp-block-heading has-text-align-center\" id=\"schedule-a-visit\" style=\"font-size:59px;line-height:1.15\"><\/h6>\n\n\n\n<p>Da dieser Bereich explizit sexuelle Inhalte enth\u00e4lt, sind wir gesetzlich aufgefordert, diesen hinter einer Bezahlschranke zwecks Jugendschutz zu verbergen. Die geringe Geb\u00fchr die euch den Zugang f\u00fcr jeweils 30 Tage erm\u00f6glicht, wird ausschlie\u00dflich f\u00fcr den Betrieb dieser, unserer Webseite genutzt.<\/p>\n<p>Auch k\u00fcnftige Voyeur Ausfl\u00fcge und Videoprojekte werden teilweise hiermit finanziert. Der Betrieb dieser Seiten ist sehr teuer und wir verdienen uns sicherlich keine goldene Nase damit, daher w\u00e4re dies eine kleine, willkommene Unterst\u00fctzung unseres Projektes.<\/p>\n<p>Eingang zur privaten Videoseite erfolgt via Paypal Zahlung, einfach den &#8222;Subscribe&#8220; Button anklicken.<\/p>\n<p>Vielen herzlichen Dank<\/p>\n<p>&nbsp;<\/p>\n<p>&nbsp;<\/p>\n\n\n<div class='wpeppsub_wrapper' ><form target='' action='https:\/\/www.paypal.com\/cgi-bin\/webscr' method='post'><input type='hidden' name='cmd' value='_xclick-subscriptions'><input type='hidden' name='business' value='schmiedeteufel@gmail.com'><input type='hidden' name='lc' value='de_DE'><input type='hidden' name='currency_code' value='EUR'><input type='hidden' name='no_shipping' value='1' \/><input type='hidden' name='no_note' value='1' \/><input type='hidden' name='custom' value='261' \/><input type='hidden' name='return' value='https:\/\/nudebeachvoyeur.com\/index.php\/sehr-private-user-videos\/' \/><input type='hidden' name='bn' value='WPPlugin_SP'><input type='hidden' name='cancel_return' value='www.nudebeachvoyeur.com' \/><input type='hidden' name='item_name' value='30 Tage Zugang'><input type='hidden' name='item_number' value='' \/><input type='hidden' name='notify_url' value='https:\/\/nudebeachvoyeur.com\/index.php?wpeppsub-listener=IPN'><input type='hidden' name='a3' value='5.99'><input type='hidden' name='p3' value='30'><input type='hidden' name='t3' value='D'><input class='wpeppsub_paypalbuttonimage' type='image' src='https:\/\/www.paypalobjects.com\/de_DE\/DE\/i\/btn\/btn_subscribe_SM.gif' border='0' name='submit' alt='Make your payments with PayPal. It is free, secure, effective.' style='border: none;'><img alt='' border='0' style='border:none;display:none;' src='https:\/\/www.paypal.com\/de_DE\/i\/scr\/pixel.gif' width='1' height='1'><\/form><\/div>\n<\/div><\/div>\n\n\n\n<p><\/p>\n","protected":false},"excerpt":{"rendered":"<p>Da dieser Bereich explizit sexuelle Inhalte enth\u00e4lt, sind wir gesetzlich aufgefordert, diesen hinter einer Bezahlschranke zwecks Jugendschutz zu verbergen. Die geringe Geb\u00fchr die euch den Zugang f\u00fcr jeweils 30 Tage erm\u00f6glicht, wird ausschlie\u00dflich f\u00fcr den Betrieb dieser, unserer Webseite genutzt. Auch k\u00fcnftige Voyeur Ausfl\u00fcge und Videoprojekte werden teilweise hiermit finanziert. Der Betrieb dieser Seiten ist&hellip; <br \/> <a class=\"read-more\" href=\"https:\/\/nudebeachvoyeur.com\/index.php\/paypal\/\">Weiterlesen<\/a><\/p>\n","protected":false},"author":1,"featured_media":0,"parent":0,"menu_order":0,"comment_status":"closed","ping_status":"closed","template":"page-templates\/page-with-right-sidebar.php","meta":{"footnotes":""},"class_list":["post-279","page","type-page","status-publish","hentry"],"_links":{"self":[{"href":"https:\/\/nudebeachvoyeur.com\/index.php\/wp-json\/wp\/v2\/pages\/279","targetHints":{"allow":["GET"]}}],"collection":[{"href":"https:\/\/nudebeachvoyeur.com\/index.php\/wp-json\/wp\/v2\/pages"}],"about":[{"href":"https:\/\/nudebeachvoyeur.com\/index.php\/wp-json\/wp\/v2\/types\/page"}],"author":[{"embeddable":true,"href":"https:\/\/nudebeachvoyeur.com\/index.php\/wp-json\/wp\/v2\/users\/1"}],"replies":[{"embeddable":true,"href":"https:\/\/nudebeachvoyeur.com\/index.php\/wp-json\/wp\/v2\/comments?post=279"}],"version-history":[{"count":14,"href":"https:\/\/nudebeachvoyeur.com\/index.php\/wp-json\/wp\/v2\/pages\/279\/revisions"}],"predecessor-version":[{"id":297,"href":"https:\/\/nudebeachvoyeur.com\/index.php\/wp-json\/wp\/v2\/pages\/279\/revisions\/297"}],"wp:attachment":[{"href":"https:\/\/nudebeachvoyeur.com\/index.php\/wp-json\/wp\/v2\/media?parent=279"}],"curies":[{"name":"wp","href":"https:\/\/api.w.org\/{rel}","templated":true}]}}