{"id":6,"date":"2024-10-10T05:27:57","date_gmt":"2024-10-10T05:27:57","guid":{"rendered":"https:\/\/nudebeachvoyeur.com\/index.php\/mesmerize\/"},"modified":"2026-01-17T17:33:45","modified_gmt":"2026-01-17T17:33:45","slug":"mesmerize","status":"publish","type":"page","link":"https:\/\/nudebeachvoyeur.com\/","title":{"rendered":"Front Page"},"content":{"rendered":"<div  id=\"overlappable-4\" style=\"background-color: rgb(245, 250, 253); background-image: none;\" data-label=\"Overlappable\" data-id=\"overlappable-4\" data-export-id=\"overlappable-4\" data-category=\"overlappable\" class=\"overlappable-4 content-section content-section-spacing\" data-overlap=\"true\"><div  class=\"gridContainer\"> <div  data-type=\"row\" class=\"row spaced-cols text-center\"><div  class=\"col-xs-12 col-sm-4 col-padding\"> <i  class=\"fa icon shadow-large-black aligncenter color1 fa-child reverse round large\"><\/i> <div  data-type=\"column\" class=\"\"> <h5  class=\"\">Unsere Community<\/h5> <p  class=\"\">Du bist gerne Nudist und auf den sch\u00f6nsten Str\u00e4nden und Pl\u00e4tzen weltweit unterwegs?<br >Dann teile doch Deine Leidenschaft mit<br >anderen freiz\u00fcgigen Menschen und tausche Dich mit ihnen aus.<br >Auf dieser Webseite bieten wir Dir den passenden Rahmen dazu.<br >Frei nach dem Motto: sehen und gesehen werden.<\/p><\/div> <\/div> <div  class=\"col-xs-12 col-sm-4 col-padding\"> <i  class=\"fa icon shadow-large-black aligncenter color1 fa-camera-retro reverse round large\"><\/i> <div  data-type=\"column\" class=\"\"><h5  class=\"\">Unschlagbare Menge<\/h5> <p  class=\"\">Die Fotogalerie bietet aktuell schon mehr als 30.000 private Aufnahmen und t\u00e4glich kommen mehr dazu.<br >Viele Rubriken sind entstanden und zeigen nicht nur Aufnahmen vom Strand.<br >Auch Bilder aus dem sehr intimen Bereich sind dabei.<br >Du kannst hier deine eigene Fotogalerie einrichten und diese mit anderen teilen.<br >Ebenso kannst Du Bilder bewerten und nette Kommentare hinterlassen.<br >Auch besteht die M\u00f6glichkeit Deine Bilder mit einem Titel zu beschriften.<br >Diesen Titel mit einer Emailadresse oder Whatsapp Kontakt zu versehen, kann sehr nette Bekanntschaften m\u00f6glich machen.<br >(wenn man denn m\u00f6chte)<\/p><\/div> <\/div> <div  class=\"col-xs-12 col-sm-4 col-padding\"> <i  class=\"fa icon shadow-large-black aligncenter color1 fa-eye reverse round large\"><\/i> <div  data-type=\"column\" class=\"\"><h5  class=\"\">Auf geht\u00b4s<\/h5> <p  class=\"\">Rein ins Vergn\u00fcgen!<br >Sichere Dir den Zugang in unsere einzigartige Gemeinschaft.<\/p><img  decoding=\"async\" class=\"custom-image\" src=\"https:\/\/nudebeachvoyeur.com\/wp-content\/uploads\/2024\/10\/watermark.png\" title=\"watermark\" alt=\"\"><p  class=\"\">Wenn Dir die kostenlose Galerie gef\u00e4llt und Du diese gerne nutzt, freuen wir uns \u00fcber Deine freiwillige Unterst\u00fctzung. Wir haben nun einen neuen weiteren Bereich, ausserhalb der Galerie. \u00dcber den Button \u201eSehr private User Videos\u201c kommst Du nun in einen kostenpflichtigen Bereich wo User Ihre privaten Videos teilen. Dies erm\u00f6glicht uns diese Seite \nweiterhin zu betreiben und die besonderen gesetzlichen Richlinien die f\u00fcr unsere Seite gelten einzuhalten.<br ><br >Wir sagen 1000 Dank !\n\n<\/p><\/div> <\/div><\/div> <\/div><\/div>","protected":false},"excerpt":{"rendered":"<p>Unsere Community Du bist gerne Nudist und auf den sch\u00f6nsten Str\u00e4nden und Pl\u00e4tzen weltweit unterwegs?Dann teile doch Deine Leidenschaft mitanderen freiz\u00fcgigen Menschen und tausche Dich mit ihnen aus.Auf dieser Webseite bieten wir Dir den passenden Rahmen dazu.Frei nach dem Motto: sehen und gesehen werden. Unschlagbare Menge Die Fotogalerie bietet aktuell schon mehr als 30.000 private&hellip; <br \/> <a class=\"read-more\" href=\"https:\/\/nudebeachvoyeur.com\/\">Weiterlesen<\/a><\/p>\n","protected":false},"author":1,"featured_media":0,"parent":0,"menu_order":0,"comment_status":"closed","ping_status":"closed","template":"page-templates\/homepage.php","meta":{"footnotes":""},"class_list":["post-6","page","type-page","status-publish","hentry"],"_links":{"self":[{"href":"https:\/\/nudebeachvoyeur.com\/index.php\/wp-json\/wp\/v2\/pages\/6","targetHints":{"allow":["GET"]}}],"collection":[{"href":"https:\/\/nudebeachvoyeur.com\/index.php\/wp-json\/wp\/v2\/pages"}],"about":[{"href":"https:\/\/nudebeachvoyeur.com\/index.php\/wp-json\/wp\/v2\/types\/page"}],"author":[{"embeddable":true,"href":"https:\/\/nudebeachvoyeur.com\/index.php\/wp-json\/wp\/v2\/users\/1"}],"replies":[{"embeddable":true,"href":"https:\/\/nudebeachvoyeur.com\/index.php\/wp-json\/wp\/v2\/comments?post=6"}],"version-history":[{"count":27,"href":"https:\/\/nudebeachvoyeur.com\/index.php\/wp-json\/wp\/v2\/pages\/6\/revisions"}],"predecessor-version":[{"id":415,"href":"https:\/\/nudebeachvoyeur.com\/index.php\/wp-json\/wp\/v2\/pages\/6\/revisions\/415"}],"wp:attachment":[{"href":"https:\/\/nudebeachvoyeur.com\/index.php\/wp-json\/wp\/v2\/media?parent=6"}],"curies":[{"name":"wp","href":"https:\/\/api.w.org\/{rel}","templated":true}]}}